{"id":6017,"date":"2019-04-16T09:15:11","date_gmt":"2019-04-16T08:15:11","guid":{"rendered":"http:\/\/www.sea-band.fr\/?page_id=6017"},"modified":"2019-05-03T14:42:58","modified_gmt":"2019-05-03T12:42:58","slug":"politique-de-confidentialite","status":"publish","type":"page","link":"https:\/\/www.sea-band.fr\/fr-be\/politique-de-confidentialite\/","title":{"rendered":"Politique de confidentialit\u00e9"},"content":{"rendered":"<p>[et_pb_section fb_built=\u00a0\u00bb1&Prime; _builder_version=\u00a0\u00bb3.22.3&Prime;][et_pb_row custom_padding=\u00a0\u00bb||7px|||\u00a0\u00bb _builder_version=\u00a0\u00bb3.22.3&Prime;][et_pb_column type=\u00a0\u00bb4_4&Prime; _builder_version=\u00a0\u00bb3.21.4&Prime;][et_pb_text _builder_version=\u00a0\u00bb3.22.5&Prime; custom_margin=\u00a0\u00bb||12px|||\u00a0\u00bb custom_padding=\u00a0\u00bb||22px|||\u00a0\u00bb]<\/p>\n<h1>Conditions g\u00e9n\u00e9rales d\u2019utilisation<\/h1>\n<p>Sea Band accorde le plus grand soin \u00e0 la protection de votre vie priv\u00e9e lorsque vous faites usage de nos services Web, t\u00e9l\u00e9phoniques et autres (ci-apr\u00e8s les \u00ab Services \u00bb). La pr\u00e9sente politique vise \u00e0 vous expliquer comment et pourquoi nous recueillons vos donn\u00e9es personnelles, ce que nous faisons de ces donn\u00e9es ainsi que le contr\u00f4le dont vous disposez quant \u00e0 notre usage de ces donn\u00e9es.[\/et_pb_text][\/et_pb_column][\/et_pb_row][et_pb_row _builder_version=\u00a0\u00bb3.22.3&Prime;][et_pb_column type=\u00a0\u00bb4_4&Prime; _builder_version=\u00a0\u00bb3.22.2&Prime;][et_pb_text _builder_version=\u00a0\u00bb3.22.5&Prime; custom_margin=\u00a0\u00bb||4px|||\u00a0\u00bb]<\/p>\n<h2>\u00c0 PROPOS DE SEA-BAND LTD<\/h2>\n<p>[\/et_pb_text][et_pb_divider color=\u00a0\u00bb#4bbce2&Prime; divider_weight=\u00a0\u00bb9px\u00a0\u00bb _builder_version=\u00a0\u00bb3.21.4&Prime; max_width=\u00a0\u00bb16%\u00a0\u00bb height=\u00a0\u00bb14px\u00a0\u00bb][\/et_pb_divider][et_pb_text _builder_version=\u00a0\u00bb3.22.5&Prime; custom_margin=\u00a0\u00bb-15px||12px|||\u00a0\u00bb custom_padding=\u00a0\u00bb||22px|||\u00a0\u00bb]<\/p>\n<p>Sea-Band Ltd est une entreprise de droit anglais et gallois, immatricul\u00e9e sous le num\u00e9ro 3846407. Notre adresse postale, qui est \u00e9galement l\u2019adresse de notre si\u00e8ge social, est la suivante : 8 Hawley Road, Hinckley, Leicestershire LE10 0PR, Royaume-Uni. Num\u00e9ro de TVA 424 630768<\/p>\n<p>[\/et_pb_text][\/et_pb_column][\/et_pb_row][et_pb_row _builder_version=\u00a0\u00bb3.22.3&Prime;][et_pb_column type=\u00a0\u00bb4_4&Prime; _builder_version=\u00a0\u00bb3.22.2&Prime;][et_pb_text _builder_version=\u00a0\u00bb3.22.5&Prime; custom_margin=\u00a0\u00bb||1px|||\u00a0\u00bb custom_padding=\u00a0\u00bb||0px|||\u00a0\u00bb]<\/p>\n<h2>TYPES DE DONN\u00c9ES<\/h2>\n<p>[\/et_pb_text][et_pb_divider color=\u00a0\u00bb#4bbce2&Prime; divider_weight=\u00a0\u00bb9px\u00a0\u00bb _builder_version=\u00a0\u00bb3.21.4&Prime; max_width=\u00a0\u00bb16%\u00a0\u00bb height=\u00a0\u00bb14px\u00a0\u00bb][\/et_pb_divider][et_pb_text _builder_version=\u00a0\u00bb3.22.5&Prime; custom_margin=\u00a0\u00bb-15px||12px|||\u00a0\u00bb custom_padding=\u00a0\u00bb||22px|||\u00a0\u00bb]<\/p>\n<p>Dans la pr\u00e9sente politique, l\u2019expression vos donn\u00e9es d\u00e9signe toute information vous concernant, ou concernant vos repr\u00e9sentants, susceptible de faire l\u2019objet d\u2019un traitement par nos soins. Les donn\u00e9es personnelles sont des informations personnelles \u00e0 votre sujet, telles que votre num\u00e9ro de t\u00e9l\u00e9phone ou vos adresses e-mail et postale, conform\u00e9ment au R\u00e8glement g\u00e9n\u00e9ral sur la protection des donn\u00e9es.<\/p>\n<p>[\/et_pb_text][\/et_pb_column][\/et_pb_row][et_pb_row _builder_version=\u00a0\u00bb3.22.3&Prime;][et_pb_column type=\u00a0\u00bb4_4&Prime; _builder_version=\u00a0\u00bb3.22.2&Prime;][et_pb_text _builder_version=\u00a0\u00bb3.22.5&Prime; custom_margin=\u00a0\u00bb||1px|||\u00a0\u00bb custom_padding=\u00a0\u00bb||0px|||\u00a0\u00bb]<\/p>\n<h2>NOTRE ENGAGEMENT<\/h2>\n<p>[\/et_pb_text][et_pb_divider color=\u00a0\u00bb#4bbce2&Prime; divider_weight=\u00a0\u00bb9px\u00a0\u00bb _builder_version=\u00a0\u00bb3.21.4&Prime; max_width=\u00a0\u00bb16%\u00a0\u00bb height=\u00a0\u00bb14px\u00a0\u00bb][\/et_pb_divider][et_pb_text _builder_version=\u00a0\u00bb3.22.5&Prime; custom_margin=\u00a0\u00bb-15px||12px|||\u00a0\u00bb custom_padding=\u00a0\u00bb||22px|||\u00a0\u00bb]<\/p>\n<p>Nous nous engageons \u00e0 respecter la pr\u00e9sente politique de protection des renseignements personnels \u00e0 l\u2019occasion du traitement de vos donn\u00e9es.<\/p>\n<p>[\/et_pb_text][\/et_pb_column][\/et_pb_row][et_pb_row _builder_version=\u00a0\u00bb3.22.3&Prime;][et_pb_column type=\u00a0\u00bb4_4&Prime; _builder_version=\u00a0\u00bb3.22.2&Prime;][et_pb_text _builder_version=\u00a0\u00bb3.22.5&Prime; custom_margin=\u00a0\u00bb||1px|||\u00a0\u00bb custom_padding=\u00a0\u00bb||0px|||\u00a0\u00bb]<\/p>\n<h2>COMMENT RECUEILLONS-NOUS VOS DONN\u00c9ES ?<\/h2>\n<p>[\/et_pb_text][et_pb_divider color=\u00a0\u00bb#4bbce2&Prime; divider_weight=\u00a0\u00bb9px\u00a0\u00bb _builder_version=\u00a0\u00bb3.21.4&Prime; max_width=\u00a0\u00bb16%\u00a0\u00bb height=\u00a0\u00bb14px\u00a0\u00bb][\/et_pb_divider][et_pb_text _builder_version=\u00a0\u00bb3.22.5&Prime; custom_margin=\u00a0\u00bb-15px||12px|||\u00a0\u00bb custom_padding=\u00a0\u00bb||22px|||\u00a0\u00bb]Nous recueillons des informations \u00e0 votre sujet lorsque vous passez commande par t\u00e9l\u00e9phone ou que vous nous faites parvenir une demande. Une telle demande peut intervenir par t\u00e9l\u00e9phone, e-mail, courrier postal ou via notre site Internet.<br \/>\nLorsque vous naviguez sur notre site, nous sommes susceptibles de collecter des informations vous concernant vous-m\u00eame, votre ordinateur et votre utilisation du site Web. Comme la plupart des sites Internet, nous recourons \u00e0 des t\u00e9moins de connexion (cookies) ainsi qu\u2019\u00e0 d\u2019autres m\u00e9thodes afin de d\u00e9terminer la fa\u00e7on dont notre site est utilis\u00e9.<br \/>\nNous recueillons exclusivement les donn\u00e9es pr\u00e9sentant un rapport direct avec votre usage de notre site ; dans cette logique, nous n\u2019enregistrons pas les autres sites Web auxquels vous vous connectez, par exemple.[\/et_pb_text][\/et_pb_column][\/et_pb_row][et_pb_row _builder_version=\u00a0\u00bb3.22.3&Prime;][et_pb_column type=\u00a0\u00bb4_4&Prime; _builder_version=\u00a0\u00bb3.22.2&Prime;][et_pb_text _builder_version=\u00a0\u00bb3.22.5&Prime; custom_margin=\u00a0\u00bb||1px|||\u00a0\u00bb custom_padding=\u00a0\u00bb||0px|||\u00a0\u00bb]<\/p>\n<h2>QUELLES SONT LES DONN\u00c9ES QUE NOUS D\u00c9TENONS ?<\/h2>\n<p>[\/et_pb_text][et_pb_divider color=\u00a0\u00bb#4bbce2&Prime; divider_weight=\u00a0\u00bb9px\u00a0\u00bb _builder_version=\u00a0\u00bb3.21.4&Prime; max_width=\u00a0\u00bb16%\u00a0\u00bb height=\u00a0\u00bb14px\u00a0\u00bb][\/et_pb_divider][et_pb_text _builder_version=\u00a0\u00bb3.22.5&Prime; custom_margin=\u00a0\u00bb-15px||12px|||\u00a0\u00bb custom_padding=\u00a0\u00bb||22px|||\u00a0\u00bb]<\/p>\n<h3>Coordonn\u00e9es<\/h3>\n<p>Vos coordonn\u00e9es, dont votre adresse postale, adresse de livraison, num\u00e9ro de t\u00e9l\u00e9phone (y compris de portable) et votre adresse \u00e9lectronique.<\/p>\n<h3>Informations de paiement<\/h3>\n<p>S\u2019agissant des commandes effectu\u00e9es par t\u00e9l\u00e9phone, une fois votre paiement encaiss\u00e9, toutes les donn\u00e9es financi\u00e8res correspondantes sont imm\u00e9diatement d\u00e9truites..<\/p>\n<h3>Informations de commande<\/h3>\n<p>Nous g\u00e9n\u00e9rons et d\u00e9tenons des informations sp\u00e9cifiques \u00e0 la commande que vous effectuez aupr\u00e8s de nous, y compris un historique des achats.<\/p>\n<p>[\/et_pb_text][\/et_pb_column][\/et_pb_row][et_pb_row _builder_version=\u00a0\u00bb3.22.3&Prime;][et_pb_column type=\u00a0\u00bb4_4&Prime; _builder_version=\u00a0\u00bb3.22.2&Prime;][et_pb_text _builder_version=\u00a0\u00bb3.22.5&Prime; custom_margin=\u00a0\u00bb||1px|||\u00a0\u00bb custom_padding=\u00a0\u00bb||0px|||\u00a0\u00bb]<\/p>\n<h2>EN QUOI VOS DONN\u00c9ES NOUS SONT-ELLES UTILES ?<\/h2>\n<p>[\/et_pb_text][et_pb_divider color=\u00a0\u00bb#4bbce2&Prime; divider_weight=\u00a0\u00bb9px\u00a0\u00bb _builder_version=\u00a0\u00bb3.21.4&Prime; max_width=\u00a0\u00bb16%\u00a0\u00bb height=\u00a0\u00bb14px\u00a0\u00bb][\/et_pb_divider][et_pb_text _builder_version=\u00a0\u00bb3.22.5&Prime; custom_margin=\u00a0\u00bb-15px||12px|||\u00a0\u00bb custom_padding=\u00a0\u00bb||22px|||\u00a0\u00bb]Nous recueillons vos donn\u00e9es en vue de traiter votre commande.<\/p>\n<p>EN AUCUN CAS nous n\u2019exploitons vos donn\u00e9es \u00e0 des fins commerciales.<\/p>\n<p>EN AUCUN CAS nous ne partageons, vendons ou transmettons vos donn\u00e9es \u00e0 des tiers.[\/et_pb_text][\/et_pb_column][\/et_pb_row][et_pb_row _builder_version=\u00a0\u00bb3.22.3&Prime;][et_pb_column type=\u00a0\u00bb4_4&Prime; _builder_version=\u00a0\u00bb3.22.2&Prime;][et_pb_text _builder_version=\u00a0\u00bb3.22.5&Prime; custom_margin=\u00a0\u00bb||1px|||\u00a0\u00bb custom_padding=\u00a0\u00bb||0px|||\u00a0\u00bb]<\/p>\n<h2>COMBIEN DE TEMPS CONSERVONS-NOUS VOS DONN\u00c9ES ?<\/h2>\n<p>[\/et_pb_text][et_pb_divider color=\u00a0\u00bb#4bbce2&Prime; divider_weight=\u00a0\u00bb9px\u00a0\u00bb _builder_version=\u00a0\u00bb3.21.4&Prime; max_width=\u00a0\u00bb16%\u00a0\u00bb height=\u00a0\u00bb14px\u00a0\u00bb][\/et_pb_divider][et_pb_text _builder_version=\u00a0\u00bb3.22.5&Prime; custom_margin=\u00a0\u00bb-15px||12px|||\u00a0\u00bb custom_padding=\u00a0\u00bb||22px|||\u00a0\u00bb]Nous ne conservons pas vos donn\u00e9es plus longtemps que n\u00e9cessaire. Les commandes sont archiv\u00e9es pendant 12 mois en vue de couvrir la p\u00e9riode de garantie.[\/et_pb_text][\/et_pb_column][\/et_pb_row][et_pb_row _builder_version=\u00a0\u00bb3.22.3&Prime;][et_pb_column type=\u00a0\u00bb4_4&Prime; _builder_version=\u00a0\u00bb3.22.2&Prime;][et_pb_text _builder_version=\u00a0\u00bb3.22.5&Prime; custom_margin=\u00a0\u00bb||1px|||\u00a0\u00bb custom_padding=\u00a0\u00bb||0px|||\u00a0\u00bb]<\/p>\n<h2>ACC\u00c8S \u00c0 VOS INFORMATIONS<\/h2>\n<p>[\/et_pb_text][et_pb_divider color=\u00a0\u00bb#4bbce2&Prime; divider_weight=\u00a0\u00bb9px\u00a0\u00bb _builder_version=\u00a0\u00bb3.21.4&Prime; max_width=\u00a0\u00bb16%\u00a0\u00bb height=\u00a0\u00bb14px\u00a0\u00bb][\/et_pb_divider][et_pb_text _builder_version=\u00a0\u00bb3.22.5&Prime; custom_margin=\u00a0\u00bb-15px||12px|||\u00a0\u00bb custom_padding=\u00a0\u00bb||22px|||\u00a0\u00bb]Vous \u00eates en droit de demander une copie des informations que nous d\u00e9tenons \u00e0 votre sujet. Pour exercer ce droit, contactez-nous aux coordonn\u00e9es suivantes :<br \/>\nPar e-mail :\t\thq@sea-band.com<br \/>\nPar courrier postal :\tSea-Band Ltd, 8 Hawley Road, Hinckley, Leicestershire LE10 0PR, Royaume-Uni<\/p>\n<p>Vous pouvez exiger aupr\u00e8s de nous la rectification voire la suppression des informations que vous pensez inexactes. Ce service pourra toutefois faire l\u2019objet d\u2019une r\u00e9mun\u00e9ration modique.[\/et_pb_text][\/et_pb_column][\/et_pb_row][et_pb_row _builder_version=\u00a0\u00bb3.22.3&Prime;][et_pb_column type=\u00a0\u00bb4_4&Prime; _builder_version=\u00a0\u00bb3.22.2&Prime;][et_pb_text _builder_version=\u00a0\u00bb3.22.3&Prime; custom_margin=\u00a0\u00bb||1px|||\u00a0\u00bb custom_padding=\u00a0\u00bb||0px|||\u00a0\u00bb]<\/p>\n<h2>COOKIES<\/h2>\n<p>[\/et_pb_text][et_pb_divider color=\u00a0\u00bb#4bbce2&Prime; divider_weight=\u00a0\u00bb9px\u00a0\u00bb _builder_version=\u00a0\u00bb3.21.4&Prime; max_width=\u00a0\u00bb16%\u00a0\u00bb height=\u00a0\u00bb14px\u00a0\u00bb][\/et_pb_divider][et_pb_text _builder_version=\u00a0\u00bb3.22.5&Prime; custom_margin=\u00a0\u00bb-15px||12px|||\u00a0\u00bb custom_padding=\u00a0\u00bb||22px|||\u00a0\u00bb]Les t\u00e9moins de connexion, aussi appel\u00e9s cookies, sont des fichiers texte d\u00e9pos\u00e9s sur votre ordinateur afin de collecter des informations de connexion Internet standard ainsi que des renseignements concernant le comportement des visiteurs. Ces informations sont exploit\u00e9es pour assurer le suivi de l\u2019utilisation de notre site Web par les visiteurs ainsi que pour \u00e9tablir des rapports statistiques ayant trait \u00e0 l\u2019activit\u00e9 du site.<br \/>\nVous avez la possibilit\u00e9 de param\u00e9trer votre navigateur de sorte qu\u2019il n\u2019accepte pas les cookies ; sachez toutefois que si vous proc\u00e9dez ainsi, certaines fonctionnalit\u00e9s du site risquent, en de rares occasions, de ne pas fonctionner correctement.[\/et_pb_text][\/et_pb_column][\/et_pb_row][et_pb_row _builder_version=\u00a0\u00bb3.22.3&Prime;][et_pb_column type=\u00a0\u00bb4_4&Prime; _builder_version=\u00a0\u00bb3.22.2&Prime;][et_pb_text _builder_version=\u00a0\u00bb3.22.5&Prime; custom_margin=\u00a0\u00bb||1px|||\u00a0\u00bb custom_padding=\u00a0\u00bb||0px|||\u00a0\u00bb]<\/p>\n<h2>MODIFICATIONS DE NOTRE POLITIQUE DE PROTECTION DES RENSEIGNEMENTS PERSONNELS<\/h2>\n<p>[\/et_pb_text][et_pb_divider color=\u00a0\u00bb#4bbce2&Prime; divider_weight=\u00a0\u00bb9px\u00a0\u00bb _builder_version=\u00a0\u00bb3.21.4&Prime; max_width=\u00a0\u00bb16%\u00a0\u00bb height=\u00a0\u00bb14px\u00a0\u00bb][\/et_pb_divider][et_pb_text _builder_version=\u00a0\u00bb3.22.5&Prime; custom_margin=\u00a0\u00bb-15px||12px|||\u00a0\u00bb custom_padding=\u00a0\u00bb||22px|||\u00a0\u00bb]Notre politique de protection des renseignements personnels fait l\u2019objet d\u2019une r\u00e9vision p\u00e9riodique. Toute modification apport\u00e9e \u00e0 celle-ci sera r\u00e9percut\u00e9e sur la pr\u00e9sente page Web. Date de la derni\u00e8re mise \u00e0 jour : 15 mai 2018[\/et_pb_text][\/et_pb_column][\/et_pb_row][et_pb_row _builder_version=\u00a0\u00bb3.22.3&Prime;][et_pb_column type=\u00a0\u00bb4_4&Prime; _builder_version=\u00a0\u00bb3.22.2&Prime;][et_pb_text _builder_version=\u00a0\u00bb3.22.5&Prime; custom_margin=\u00a0\u00bb||1px|||\u00a0\u00bb custom_padding=\u00a0\u00bb||0px|||\u00a0\u00bb]<\/p>\n<h2>COMMENT NOUS CONTACTER<\/h2>\n<p>[\/et_pb_text][et_pb_divider color=\u00a0\u00bb#4bbce2&Prime; divider_weight=\u00a0\u00bb9px\u00a0\u00bb _builder_version=\u00a0\u00bb3.21.4&Prime; max_width=\u00a0\u00bb16%\u00a0\u00bb height=\u00a0\u00bb14px\u00a0\u00bb][\/et_pb_divider][et_pb_text _builder_version=\u00a0\u00bb3.22.5&Prime; custom_margin=\u00a0\u00bb-15px||12px|||\u00a0\u00bb custom_padding=\u00a0\u00bb||22px|||\u00a0\u00bb]Par t\u00e9l\u00e9phone : au +44 (0) 1455 639750 du lundi au jeudi de 9 h 15 \u00e0 16 h 45 et le vendredi de 9 h 15 \u00e0 15 h 15<br \/>\nPar e-mail :\t\thq@sea-band.com<br \/>\nPar courrier postal :\tSea-Band Ltd, 8 Hawley Road, Hinckley, Leicestershire LE10 0PR, Royaume-Uni[\/et_pb_text][\/et_pb_column][\/et_pb_row][\/et_pb_section]<\/p>\n","protected":false},"excerpt":{"rendered":"<p>Conditions g\u00e9n\u00e9rales d\u2019utilisation Sea Band accorde le plus grand soin \u00e0 la protection de votre vie priv\u00e9e lorsque vous faites usage de nos services Web, t\u00e9l\u00e9phoniques et autres (ci-apr\u00e8s les \u00ab Services \u00bb). La pr\u00e9sente politique vise \u00e0 vous expliquer comment et pourquoi nous recueillons vos donn\u00e9es personnelles, ce que nous faisons de ces donn\u00e9es [&hellip;]<\/p>\n","protected":false},"author":7,"featured_media":0,"parent":0,"menu_order":0,"comment_status":"closed","ping_status":"closed","template":"","meta":{"_et_pb_use_builder":"on","_et_pb_old_content":"","_et_gb_content_width":"","_uag_custom_page_level_css":"","footnotes":""},"uagb_featured_image_src":{"full":false,"thumbnail":false,"medium":false,"medium_large":false,"large":false,"1536x1536":false,"2048x2048":false,"dp-ocp-square-thumb":false,"wpt-testimonial-thumbnail-60":false,"wpt-testimonial-thumbnail-80":false,"wpt-testimonial-thumbnail-100":false,"wpt-testimonial-thumbnail-120":false,"wpt-testimonial-thumbnail-140":false,"wpt-testimonial-thumbnail-200":false,"wpt-testimonial-thumbnail-360":false,"wpt-testimonial-thumbnail-390":false,"wpt-testimonial-thumbnail-460":false,"wpt-testimonial-thumbnail-554":false,"et-pb-post-main-image":false,"et-pb-post-main-image-fullwidth":false,"et-pb-portfolio-image":false,"et-pb-portfolio-module-image":false,"et-pb-portfolio-image-single":false,"et-pb-gallery-module-image-portrait":false,"et-pb-post-main-image-fullwidth-large":false,"et-pb-image--responsive--desktop":false,"et-pb-image--responsive--tablet":false,"et-pb-image--responsive--phone":false},"uagb_author_info":{"display_name":"supportweb@agencekarma.com","author_link":"https:\/\/www.sea-band.fr\/fr-be\/author\/supportwebagencekarma-com\/"},"uagb_comment_info":0,"uagb_excerpt":"Conditions g\u00e9n\u00e9rales d\u2019utilisation Sea Band accorde le plus grand soin \u00e0 la protection de votre vie priv\u00e9e lorsque vous faites usage de nos services Web, t\u00e9l\u00e9phoniques et autres (ci-apr\u00e8s les \u00ab Services \u00bb). La pr\u00e9sente politique vise \u00e0 vous expliquer comment et pourquoi nous recueillons vos donn\u00e9es personnelles, ce que nous faisons de ces donn\u00e9es&hellip;","_links":{"self":[{"href":"https:\/\/www.sea-band.fr\/fr-be\/wp-json\/wp\/v2\/pages\/6017"}],"collection":[{"href":"https:\/\/www.sea-band.fr\/fr-be\/wp-json\/wp\/v2\/pages"}],"about":[{"href":"https:\/\/www.sea-band.fr\/fr-be\/wp-json\/wp\/v2\/types\/page"}],"author":[{"embeddable":true,"href":"https:\/\/www.sea-band.fr\/fr-be\/wp-json\/wp\/v2\/users\/7"}],"replies":[{"embeddable":true,"href":"https:\/\/www.sea-band.fr\/fr-be\/wp-json\/wp\/v2\/comments?post=6017"}],"version-history":[{"count":5,"href":"https:\/\/www.sea-band.fr\/fr-be\/wp-json\/wp\/v2\/pages\/6017\/revisions"}],"predecessor-version":[{"id":6188,"href":"https:\/\/www.sea-band.fr\/fr-be\/wp-json\/wp\/v2\/pages\/6017\/revisions\/6188"}],"wp:attachment":[{"href":"https:\/\/www.sea-band.fr\/fr-be\/wp-json\/wp\/v2\/media?parent=6017"}],"curies":[{"name":"wp","href":"https:\/\/api.w.org\/{rel}","templated":true}]}}